{"id":8795,"date":"2025-03-11T10:09:58","date_gmt":"2025-03-11T10:09:58","guid":{"rendered":"https:\/\/epilstudio.rs\/?page_id=8795"},"modified":"2025-03-11T10:25:29","modified_gmt":"2025-03-11T10:25:29","slug":"laserski-lifting","status":"publish","type":"page","link":"https:\/\/epilstudio.rs\/en_us\/laserski-lifting\/","title":{"rendered":"LASER LIFTING"},"content":{"rendered":"<p><strong>\u0160ta je laserski lifting?<\/strong><br \/>\nLaserske procedure se iz godine u godinu sve vi\u0161e primenjuju u medicini i mo\u017eemo slobodno re\u0107i da su one budu\u0107nost anti-age medicine. Hajde da vidimo kako to laser podmla\u0111uje, zate\u017ee i osve\u017eava na\u0161u ko\u017eu.<\/p>\n<p>Sama re\u010d laser je skra\u0107enica od Light Amplification by Stimulated Emission of Radiation -poja\u010danje svetlosti stimulisanom emisijom zra\u010denja. Laser emituje svetlosnu energiju koja se u tkivu pretvara u toplotu. Pode\u0161avanjem parametara laserskog snopa i razli\u010ditim talasnim du\u017einama lasera, tretiramo razli\u010dite indikacije. Veoma precizno i kontrolisano zagrevanje ko\u017ee dove\u0161\u0107e do pokretanja regeneracije, tako \u0161to \u0107e stimulisati proizvodnju fibroblasta\u00a0i elastina.<\/p>\n<p>Aparati najnovije generacije omogu\u0107avaju nam da laserskim zracima prodiremo u ko\u017eu do ta\u010dno odre\u0111ene dubine, a da povr\u0161ina ko\u017ee (epidermis) ostaje netaknuta. To zna\u010dajno smanjuje period oporavka ko\u017ee, a sami tretmani relativno kratko traju, pa ih mo\u017eete zakazati bukvalno za vreme va\u0161e pauze u toku dana Laserskim tretmanom mo\u017eemo ukloniti bore, fleke, hiperpigmentacije, o\u017eiljke od akni i kao I strije. Pored toga, uspe\u0161no zate\u017eemo opu\u0161tenu ko\u017eu, vra\u0107amo joj sjaj i jedrinu.<br \/>\nTretmane mo\u017eemo raditi na licu, dekolteu, vratu, \u0161akama. Najva\u017enije, lasersko podmla\u0111ivanje je prirodan, neinvazivan tretman koji zate\u017ee i osna\u017euje ko\u017eu, vra\u0107a joj sjaj i \u010dvrstinu.<\/p>\n<p><strong>Kada je pravo vreme za lasersko podmla\u0111ivanje?<\/strong><br \/>\nNakon tridesete godine proizvodnja kolagena po\u010dinje zna\u010dajno da opada a prvi\u00a0 znakovi starenja \u00a0postaju lagano vidljivi na na\u0161em licu i vratu. Bilo da su to sitne, fine bore, smanjen kvalitet ko\u017ee, opu\u0161tena i dehidrirana ko\u017ea ili stara\u010dke pege, lasersko podmla\u0111ivanje \u0107e Vam svakako pomo\u0107i. Nakon konsultacije sa nama sazna\u0107ete da li je laser pravo re\u0161enje za vas. Ukoliko se i dalje dvoumite, lasersko podmla\u0111ivanje je idealan izbor ukoliko \u017eelite da \u0161to du\u017ee da o\u010duvate zdrav i negovan izgled ko\u017ee i<br \/>\nusporite pojavu prvih bora, pre svega na licu i vratu.<\/p>\n<p><strong>Koji laser koristimo?<\/strong><br \/>\nIzbor lasera je definitivno jedna od najva\u017enijih stvari kada pri\u010damo o laserskom podmla\u0111ivanju. Bezbednost, zdravlje i zadovoljstvo na\u0161ih pacijenata su nam na prvom mestu. U na\u0161oj ordinaciji za tretmane lica koristimo LaserMe marke Neauvia. To je neablativni frankcionisani diodni laser kojizahteva minimalan period oporavka. Perutanje ili lju\u0161tenje ne postoje,\u00a0 mo\u017ee se pojaviti samo blago , prolazno crvenilo nakon tretmana. Zato se ovi tretmani mogu raditi tokom \u010ditave godine. Idealan su izbor za tretiranje finih linija, bora, za uklanjanje hiperpigmentacija, kapilara.<br \/>\nPomo\u0107u diodnog lasera mo\u017eemo tretirati:<\/p>\n<ul>\n<li>plitke bore na licu, vratu, dekolteu<\/li>\n<li>pro\u0161irene pore<\/li>\n<li>promene izazvane sun\u010devim zra\u010denjem<\/li>\n<li>fleke, pegice, hiperpigmentacije.<strong><br \/>\n<img loading=\"lazy\" decoding=\"async\" class=\"wp-image-8805 aligncenter\" src=\"https:\/\/epilstudio.rs\/wp-content\/uploads\/2025\/03\/Laser-Me-1024x737.png\" alt=\"\" width=\"471\" height=\"339\" srcset=\"https:\/\/epilstudio.rs\/wp-content\/uploads\/2025\/03\/Laser-Me-1024x737.png 1024w, https:\/\/epilstudio.rs\/wp-content\/uploads\/2025\/03\/Laser-Me-300x216.png 300w, https:\/\/epilstudio.rs\/wp-content\/uploads\/2025\/03\/Laser-Me-768x553.png 768w, https:\/\/epilstudio.rs\/wp-content\/uploads\/2025\/03\/Laser-Me.png 1164w\" sizes=\"auto, (max-width: 471px) 100vw, 471px\" \/><\/strong><\/li>\n<\/ul>\n<p>LaserMe je neablativni laser visokog intenziteta koji nam omogu\u0107ava da precizno kontroli\u0161emo dubinu tretmana. Prodire do najdubljih slojeva ko\u017ee, pri tome ne o\u0161te\u0107uje njenu povr\u0161inu. Pokre\u0107e sintezu kolagena i elastina, zate\u017ee i regeneri\u0161e opu\u0161tenu ko\u017eu. Jo\u0161 jedan efekat je da razla\u017ee pigmente fleka i pigmentacija na ko\u017ei, a ten postaje ujedna\u010den.\u00a0 Ko\u017ei vra\u0107a elasti\u010dnost i ja\u010da tonus, pore su su\u017eene, a ko\u017ea \u010dista i blista. Tretmani se mogu izvoditi na licu, vratu, dekolteu, \u0161akama i stomaku.<\/p>\n<p>Jedan tretman traje oko 30 minuta, a za vrhunske rezultate potrebno je od 3 do 4 tretmana.<\/p>\n<p><strong>Koliko tretmana mi je potrebno?<\/strong><br \/>\nProtokol zavisi od problema koji tretiramo kao i od stanja ko\u017ee samog pacijenta. U slu\u010daju bora, promene teksture ko\u017ee tretmani se izvode u seriji 3-4, u razmaku od najmanje 2 nedelje. Kada se radi o o\u017eiljcima i strijama preporu\u010duje se ve\u0107i broj ponavljanja ( do 10 tretmana).<\/p>","protected":false},"excerpt":{"rendered":"<p>\u0160ta je laserski lifting? Laserske procedure se iz godine u godinu sve vi\u0161e primenjuju u medicini i mo\u017eemo slobodno re\u0107i da su one budu\u0107nost anti-age medicine. Hajde da vidimo kako to laser podmla\u0111uje, zate\u017ee i osve\u017eava na\u0161u ko\u017eu. Sama re\u010d laser je skra\u0107enica od Light Amplification by Stimulated Emission of Radiation -poja\u010danje svetlosti stimulisanom emisijom [&hellip;]<\/p>","protected":false},"author":1,"featured_media":0,"parent":0,"menu_order":0,"comment_status":"closed","ping_status":"closed","template":"","meta":{"footnotes":""},"class_list":["post-8795","page","type-page","status-publish","hentry"],"_links":{"self":[{"href":"https:\/\/epilstudio.rs\/en_us\/wp-json\/wp\/v2\/pages\/8795","targetHints":{"allow":["GET"]}}],"collection":[{"href":"https:\/\/epilstudio.rs\/en_us\/wp-json\/wp\/v2\/pages"}],"about":[{"href":"https:\/\/epilstudio.rs\/en_us\/wp-json\/wp\/v2\/types\/page"}],"author":[{"embeddable":true,"href":"https:\/\/epilstudio.rs\/en_us\/wp-json\/wp\/v2\/users\/1"}],"replies":[{"embeddable":true,"href":"https:\/\/epilstudio.rs\/en_us\/wp-json\/wp\/v2\/comments?post=8795"}],"version-history":[{"count":6,"href":"https:\/\/epilstudio.rs\/en_us\/wp-json\/wp\/v2\/pages\/8795\/revisions"}],"predecessor-version":[{"id":8815,"href":"https:\/\/epilstudio.rs\/en_us\/wp-json\/wp\/v2\/pages\/8795\/revisions\/8815"}],"wp:attachment":[{"href":"https:\/\/epilstudio.rs\/en_us\/wp-json\/wp\/v2\/media?parent=8795"}],"curies":[{"name":"wp","href":"https:\/\/api.w.org\/{rel}","templated":true}]}}