{"id":8605,"date":"2024-07-08T15:15:45","date_gmt":"2024-07-08T15:15:45","guid":{"rendered":"https:\/\/epilstudio.rs\/?page_id=15"},"modified":"2024-10-25T15:18:46","modified_gmt":"2024-10-25T15:18:46","slug":"dermapen","status":"publish","type":"page","link":"https:\/\/epilstudio.rs\/en_us\/dermapen\/","title":{"rendered":"Dermapen"},"content":{"rendered":"<p>Microneedling je jedan od najpopularnijih tretmana u estetskoj medicini jer poma\u017ee kod velikog broja ko\u017enih problema.<br \/>\nUspe\u0161no mo\u017eemo tretitati o\u017eiljke od akni ili boginja, hiperpigmentacije, pli\u0107e bore, opu\u0161tenu i suvu ko\u017eu.<\/p>\n<p>Kod microneedlinga koristimo ure\u0111aj koji se zove Dermapen. On ima sterilne nastavke za jednokratnu upotrebu. Na svakom nastavku dermapena nalaze se mikroiglice ( kojih obi\u010dno ima 12 16 ili 32) i pomo\u0107u tih mikroiglica pravimo mikropovrede na ko\u017ei.<\/p>\n<p>Na taj na\u010din stimuli\u0161emo ko\u017eu da se obnavlja i da sinteti\u0161e novi kolagen i elastin.<\/p>\n<p>Pre same procedure, lice se detaljno o\u010disti i dezinfikuje, zatim se nanosi anestetik u vidu kreme, tako da sam tretman dermapenom nije ni malo neprijatan niti bolan.<\/p>\n<p>Uverite se i sami za\u0161to je ovo jedan od najpopularnijih anti age tretmana u svetu.<\/p>","protected":false},"excerpt":{"rendered":"<p>Microneedling je jedan od najpopularnijih tretmana u estetskoj medicini jer poma\u017ee kod velikog broja ko\u017enih problema. Uspe\u0161no mo\u017eemo tretitati o\u017eiljke od akni ili boginja, hiperpigmentacije, pli\u0107e bore, opu\u0161tenu i suvu ko\u017eu. Kod microneedlinga koristimo ure\u0111aj koji se zove Dermapen. On ima sterilne nastavke za jednokratnu upotrebu. Na svakom nastavku dermapena nalaze se mikroiglice ( kojih [&hellip;]<\/p>","protected":false},"author":1,"featured_media":0,"parent":0,"menu_order":0,"comment_status":"closed","ping_status":"closed","template":"","meta":{"footnotes":""},"class_list":["post-8605","page","type-page","status-publish","hentry"],"_links":{"self":[{"href":"https:\/\/epilstudio.rs\/en_us\/wp-json\/wp\/v2\/pages\/8605","targetHints":{"allow":["GET"]}}],"collection":[{"href":"https:\/\/epilstudio.rs\/en_us\/wp-json\/wp\/v2\/pages"}],"about":[{"href":"https:\/\/epilstudio.rs\/en_us\/wp-json\/wp\/v2\/types\/page"}],"author":[{"embeddable":true,"href":"https:\/\/epilstudio.rs\/en_us\/wp-json\/wp\/v2\/users\/1"}],"replies":[{"embeddable":true,"href":"https:\/\/epilstudio.rs\/en_us\/wp-json\/wp\/v2\/comments?post=8605"}],"version-history":[{"count":1,"href":"https:\/\/epilstudio.rs\/en_us\/wp-json\/wp\/v2\/pages\/8605\/revisions"}],"predecessor-version":[{"id":8653,"href":"https:\/\/epilstudio.rs\/en_us\/wp-json\/wp\/v2\/pages\/8605\/revisions\/8653"}],"wp:attachment":[{"href":"https:\/\/epilstudio.rs\/en_us\/wp-json\/wp\/v2\/media?parent=8605"}],"curies":[{"name":"wp","href":"https:\/\/api.w.org\/{rel}","templated":true}]}}