{"id":8604,"date":"2024-07-08T15:15:45","date_gmt":"2024-07-08T15:15:45","guid":{"rendered":"https:\/\/epilstudio.rs\/?page_id=14"},"modified":"2024-10-25T15:19:26","modified_gmt":"2024-10-25T15:19:26","slug":"laserska-epilacija","status":"publish","type":"page","link":"https:\/\/epilstudio.rs\/en_us\/laserska-epilacija\/","title":{"rendered":"LASER EPILATION"},"content":{"rendered":"<p>Laserska epilacija je metoda trajnog uklanjanja dla\u010dica putem tretmana u kojima se koristi snop laserske svetlosti odgovaraju\u0107e talasne du\u017eine.<\/p>\n<p>Zbog sjajnih rezultata koji se njome posti\u017eu, epilacija se preporu\u010duje svim mu\u0161karcima i \u017eenama koji imaju problem s izra\u017eenom dlakavo\u0161\u0107u razli\u010ditih regija tela, posebno ako imaju problem sa urastanjem dla\u010dica, kada je laserska epilacija jedino efikasno i pravo re\u0161enje.<\/p>\n<p>Laserski zrak zapravo prepoznaje i uni\u0161tava sam folikul dlake, dok povr\u0161ina ko\u017ee ostaje neo\u0161te\u0107ena. Priprema za samu epilaciju je povr\u0161insko uklanjanje dla\u010dica, odnosno brijanje pred dolazak kod nas ( najbolje bi bilo da to bude ve\u010de pre samog tretmana epilacije).<\/p>\n<p>Ono \u0161to posebno izdvaja diodni laser, jeste da je podjednako efikasan kod svih tipova ko\u017ee, \u010dak i na osun\u010danoj ko\u017ei. Takodje epilaciju mo\u017eemo da primenjujemo u toku cele godine.<\/p>\n<p>Tretmani su efikasni, brzi i potpuno bezbedni za va\u0161u ko\u017eu. Zavisno od toga koju regiju tretiramo, laserska epilacija okvirno traje izmedju 5 i 30 minuta.<\/p>\n<p>Da bi dobili trajne rezultate i potpuno glatku ko\u017eu bez dla\u010dica, potrebno je prose\u010dno 6 tretmana,<br \/>\nsa vremenskim razmakom od 4 &#8211; 8 nedelja izmedju dva dolaska.<\/p>\n<p>U na\u0161oj ordinaciji koristimo nema\u010dki diodni laser sa tri talasne du\u017eine, a ono \u0161to nas izdvaja od ostalih je stru\u010dnost i dugogodi\u0161nje iskustvo u primeni laserske epilacije.<\/p>","protected":false},"excerpt":{"rendered":"<p>Laserska epilacija je metoda trajnog uklanjanja dla\u010dica putem tretmana u kojima se koristi snop laserske svetlosti odgovaraju\u0107e talasne du\u017eine. Zbog sjajnih rezultata koji se njome posti\u017eu, epilacija se preporu\u010duje svim mu\u0161karcima i \u017eenama koji imaju problem s izra\u017eenom dlakavo\u0161\u0107u razli\u010ditih regija tela, posebno ako imaju problem sa urastanjem dla\u010dica, kada je laserska epilacija jedino efikasno [&hellip;]<\/p>","protected":false},"author":1,"featured_media":0,"parent":0,"menu_order":0,"comment_status":"closed","ping_status":"closed","template":"","meta":{"footnotes":""},"class_list":["post-8604","page","type-page","status-publish","hentry"],"_links":{"self":[{"href":"https:\/\/epilstudio.rs\/en_us\/wp-json\/wp\/v2\/pages\/8604","targetHints":{"allow":["GET"]}}],"collection":[{"href":"https:\/\/epilstudio.rs\/en_us\/wp-json\/wp\/v2\/pages"}],"about":[{"href":"https:\/\/epilstudio.rs\/en_us\/wp-json\/wp\/v2\/types\/page"}],"author":[{"embeddable":true,"href":"https:\/\/epilstudio.rs\/en_us\/wp-json\/wp\/v2\/users\/1"}],"replies":[{"embeddable":true,"href":"https:\/\/epilstudio.rs\/en_us\/wp-json\/wp\/v2\/comments?post=8604"}],"version-history":[{"count":1,"href":"https:\/\/epilstudio.rs\/en_us\/wp-json\/wp\/v2\/pages\/8604\/revisions"}],"predecessor-version":[{"id":8656,"href":"https:\/\/epilstudio.rs\/en_us\/wp-json\/wp\/v2\/pages\/8604\/revisions\/8656"}],"wp:attachment":[{"href":"https:\/\/epilstudio.rs\/en_us\/wp-json\/wp\/v2\/media?parent=8604"}],"curies":[{"name":"wp","href":"https:\/\/api.w.org\/{rel}","templated":true}]}}