{"id":8603,"date":"2024-07-08T15:15:45","date_gmt":"2024-07-08T15:15:45","guid":{"rendered":"https:\/\/epilstudio.rs\/?page_id=13"},"modified":"2024-10-29T13:15:24","modified_gmt":"2024-10-29T13:15:24","slug":"opsti-pregled","status":"publish","type":"page","link":"https:\/\/epilstudio.rs\/en_us\/opsti-pregled\/","title":{"rendered":"regular checkup"},"content":{"rendered":"<p>Op\u0161ti pregled\u00a0je rutinska medicinska procena zdravstvenog stanja.\u00a0<\/p>\n<p>On ima za cilj rano otkrivanje eventualnih problema sa zdravljem, pra\u0107enje vitalnih znakova i razgovor sa lekarom o prisutnim tegobama pacijenta.<\/p>\n<p>Op\u0161ti pregled\u00a0je va\u017ean deo preventivne\u00a0medicine\u00a0i omogu\u0107ava rano otkrivanje eventualnih problema sa zdravljem pre nego \u0161to oni postanu ozbiljni,\u00a0<\/p>\n<p>kada je ve\u0107 neophodna dalja i temeljnija dijagnostika. Pored klasi\u010dnih pregleda u na\u0161oj ordinaciji nudimo i pregled kvantnom medicinom.\u00a0<\/p>\n<p>Pregled se vr\u0161i pomo\u0107u dva aparata Bicom Optima i Bicom Body Check koji mogu da registruju\u00a0promene u sasvim po\u010detnoj fazi ve\u0107 na \u0107elijskom novou kao i eventualno prisustvo virusa i bakterija.<\/p>","protected":false},"excerpt":{"rendered":"<p>Op\u0161ti pregled\u00a0je rutinska medicinska procena zdravstvenog stanja.\u00a0 On ima za cilj rano otkrivanje eventualnih problema sa zdravljem, pra\u0107enje vitalnih znakova i razgovor sa lekarom o prisutnim tegobama pacijenta. Op\u0161ti pregled\u00a0je va\u017ean deo preventivne\u00a0medicine\u00a0i omogu\u0107ava rano otkrivanje eventualnih problema sa zdravljem pre nego \u0161to oni postanu ozbiljni,\u00a0 kada je ve\u0107 neophodna dalja i temeljnija dijagnostika. Pored [&hellip;]<\/p>","protected":false},"author":1,"featured_media":0,"parent":0,"menu_order":0,"comment_status":"closed","ping_status":"closed","template":"","meta":{"footnotes":""},"class_list":["post-8603","page","type-page","status-publish","hentry"],"_links":{"self":[{"href":"https:\/\/epilstudio.rs\/en_us\/wp-json\/wp\/v2\/pages\/8603","targetHints":{"allow":["GET"]}}],"collection":[{"href":"https:\/\/epilstudio.rs\/en_us\/wp-json\/wp\/v2\/pages"}],"about":[{"href":"https:\/\/epilstudio.rs\/en_us\/wp-json\/wp\/v2\/types\/page"}],"author":[{"embeddable":true,"href":"https:\/\/epilstudio.rs\/en_us\/wp-json\/wp\/v2\/users\/1"}],"replies":[{"embeddable":true,"href":"https:\/\/epilstudio.rs\/en_us\/wp-json\/wp\/v2\/comments?post=8603"}],"version-history":[{"count":1,"href":"https:\/\/epilstudio.rs\/en_us\/wp-json\/wp\/v2\/pages\/8603\/revisions"}],"predecessor-version":[{"id":8717,"href":"https:\/\/epilstudio.rs\/en_us\/wp-json\/wp\/v2\/pages\/8603\/revisions\/8717"}],"wp:attachment":[{"href":"https:\/\/epilstudio.rs\/en_us\/wp-json\/wp\/v2\/media?parent=8603"}],"curies":[{"name":"wp","href":"https:\/\/api.w.org\/{rel}","templated":true}]}}