{"id":8602,"date":"2024-07-08T15:15:45","date_gmt":"2024-07-08T15:15:45","guid":{"rendered":"https:\/\/epilstudio.rs\/?page_id=11"},"modified":"2024-07-08T15:15:45","modified_gmt":"2024-07-08T15:15:45","slug":"naslovna","status":"publish","type":"page","link":"https:\/\/epilstudio.rs\/en_us\/naslovna\/","title":{"rendered":"Home"},"content":{"rendered":"<p>[vc_row ia_row_style=&#8220;0&#8243; ia_row_paralax=&#8220;0&#8243; ia_row_scheme=&#8220;0&#8243; css=&#8220;.vc_custom_1720452412971{padding-top: 120px !important;}&#8220;][vc_column][ia_heading align=&#8220;center&#8220;]Preko 12 godina iskustva[\/ia_heading][vc_column_text]<\/p>\n<h3 style=\"text-align: center;\">Ordinacija Epil Medic Beograd<\/h3>\n<p style=\"text-align: center;\">In addition to classic general examinations and diagnostics, we also offer quantum diagnostics and therapy using the state-of-the-art Bicom Optima device from the German company Regumed. The World Health Organization issued the first Strategy for the Development of Complementary Medicine for the period 2005-2014, and then the second (from 2014-2023), which emphasized that each country, a member of the WHO, should develop this area in accordance with its capabilities and specific conditions. Following this recommendation, Serbia included this area in the Health Care Law in 2005, and in 2007, with the regulation regulating complementary medicine, quantum medicine gained the status of an official method of diagnosis and therapy in an integrative approach.<\/p>\n<p>[\/vc_column_text][\/vc_column][\/vc_row][vc_row][vc_column][vc_video link=&#8220;https:\/\/www.youtube.com\/embed\/jbNO-3V6gNw&#8220; align=&#8220;center&#8220;][\/vc_column][\/vc_row][vc_row][vc_column][ia_heading align=&#8220;center&#8220;]Tretmani[\/ia_heading][vc_column_text]<\/p>\n<h3 style=\"text-align: center;\">\u0160ta imamo u ponudi?<\/h3>\n<p style=\"text-align: center;\">The office offers you a wide range of medical services, primarily with the idea of \u200b\u200btaking care of your health through preventive health examinations!<\/p>\n<p>[\/vc_column_text][\/vc_column][\/vc_row][vc_row ia_row_style=&#8220;0&#8243; ia_row_paralax=&#8220;0&#8243; ia_row_scheme=&#8220;0&#8243; el_class=&#8220;PonudaRows&#8220;][vc_column width=&#8220;1\/2&#8243;][ia_heading align=&#8220;center&#8220;]Op\u0161ti Pregled[\/ia_heading][vc_column_text]Prvi kontakt koji pacijent ostvaruje kada ima neki zdravstveni problem naj\u010de\u0161\u0107e bude sa lekarom op\u0161te medicine.<\/p>\n<p>[\/vc_column_text][\/vc_column][vc_column width=&#8220;1\/2&#8243;][ia_heading align=&#8220;center&#8220;]Laserska Epilacija[\/ia_heading][vc_column_text]Epilacija je medicinski postupak pri kom se koristi laser, odnosno intenzivan snop svetlosti.<\/p>\n<p>[\/vc_column_text][\/vc_column][\/vc_row][vc_row ia_row_style=&#8220;0&#8243; ia_row_paralax=&#8220;0&#8243; ia_row_scheme=&#8220;0&#8243; el_class=&#8220;PonudaRows&#8220;][vc_column width=&#8220;1\/2&#8243;][ia_heading align=&#8220;center&#8220;]Dermapen[\/ia_heading][vc_column_text]Dermapen je ure\u0111aj za tretman lica mikroiglicama<\/p>\n<p>[\/vc_column_text][\/vc_column][vc_column width=&#8220;1\/2&#8243;][ia_heading align=&#8220;center&#8220;]Tretman Lica Kiseonikom[\/ia_heading][vc_column_text]Tretman lica \u010distim kiseonikom, koji je veoma popularan u Holivudu, dostupan je sad i kod nas&#8230;<\/p>\n<p>[\/vc_column_text][\/vc_column][\/vc_row][vc_row ia_row_style=&#8220;0&#8243; ia_row_paralax=&#8220;0&#8243; ia_row_scheme=&#8220;0&#8243; el_class=&#8220;PonudaRows&#8220;][vc_column width=&#8220;1\/2&#8243;][ia_heading align=&#8220;center&#8220;]Dubinsko \u010ci\u0161\u0107enje Lica[\/ia_heading][vc_column_text]\u010ci\u0161\u0107enje lica je zapravo osnovna higijena ko\u017ee. Sastoji se iz nekoliko faza&#8230;<\/p>\n<p>[\/vc_column_text][\/vc_column][vc_column width=&#8220;1\/2&#8243;][ia_heading align=&#8220;center&#8220;]Mezoterapija[\/ia_heading][vc_column_text]Mezoterapija je medicinska tehnika kojom se odre\u0111ene aktivne&#8230;<\/p>\n<p>[\/vc_column_text][\/vc_column][\/vc_row][vc_row ia_row_style=&#8220;0&#8243; ia_row_paralax=&#8220;0&#8243; ia_row_scheme=&#8220;0&#8243; el_class=&#8220;PonudaRows&#8220;][vc_column width=&#8220;1\/2&#8243;][ia_heading align=&#8220;center&#8220;]Mezoterapija Bola[\/ia_heading][vc_column_text]Mezoterapija je metoda le\u010denja kod koje se problem tretira lokalno- na obolelom mestu&#8230;<\/p>\n<p>[\/vc_column_text][\/vc_column][vc_column width=&#8220;1\/2&#8243;][ia_heading align=&#8220;center&#8220;]Lipoliza[\/ia_heading][vc_column_text]Mezoterapijska ili injekciona lipoliza je metoda lokalizovanog uklanjanja masnih naslaga&#8230;<\/p>\n<p>[\/vc_column_text][\/vc_column][\/vc_row][vc_row ia_row_style=&#8220;0&#8243; ia_row_paralax=&#8220;0&#8243; ia_row_scheme=&#8220;0&#8243; el_class=&#8220;PonudaRows&#8220;][vc_column width=&#8220;1\/2&#8243;][ia_heading align=&#8220;center&#8220;]Hemijski Pilinzi[\/ia_heading][vc_column_text]Hemijski piling podrazumeva upotrebu neke od hemikalija koja se nanosi na ko\u017eu&#8230;<\/p>\n<p>[\/vc_column_text][\/vc_column][vc_column width=&#8220;1\/2&#8243;][ia_heading align=&#8220;center&#8220;]Biorevitalizacija[\/ia_heading][vc_column_text]Biorevitalizacija je relativno nova metoda podmladjivanja ko\u017ee i podizanja mi\u0161i\u0107nog tonusa&#8230;<\/p>\n<p>[\/vc_column_text][\/vc_column][\/vc_row][vc_row][vc_column][vc_separator color=&#8220;custom&#8220; accent_color=&#8220;#003366&#8243;][\/vc_column][\/vc_row][vc_row][vc_column width=&#8220;1\/2&#8243;][ia_heading align=&#8220;center&#8220;]Ljubazno osoblje[\/ia_heading][vc_column_text]Na\u0161e ljubazno osoblje u\u010dini\u0107e da u\u017eivate u tretmanima koje nudimo<br \/>\n[\/vc_column_text][\/vc_column][vc_column width=&#8220;1\/2&#8243;][ia_heading align=&#8220;center&#8220;]Profesionalizam[\/ia_heading][vc_column_text]Profesionalizam, obu\u010denost i posve\u0107enost zaposlenih na zavidnom nivou<br \/>\n[\/vc_column_text][\/vc_column][\/vc_row]<\/p>","protected":false},"excerpt":{"rendered":"<p>[vc_row ia_row_style=&#8220;0&#8243; ia_row_paralax=&#8220;0&#8243; ia_row_scheme=&#8220;0&#8243; css=&#8220;.vc_custom_1720452412971{padding-top: 120px !important;}&#8220;][vc_column][ia_heading align=&#8220;center&#8220;]Preko 12 godina iskustva[\/ia_heading][vc_column_text] Ordinacija Epil Medic Beograd Pored klasi\u010dnih op\u0161tih pregleda i dijagnostike nudimo Vam i kvantnu dijagnostiku i terapiju najsavremenijim Bicom Optima aparatom nema\u010dke firme Regumed. Svetska zdravstvena organizacija je izdala prvu Strategiju razvoja komplementarne medicine za period 2005 -2014, a zatim i drugu ( od [&hellip;]<\/p>","protected":false},"author":1,"featured_media":0,"parent":0,"menu_order":0,"comment_status":"closed","ping_status":"closed","template":"page-templates\/tpl-demo-classic.php","meta":{"footnotes":""},"class_list":["post-8602","page","type-page","status-publish","hentry"],"_links":{"self":[{"href":"https:\/\/epilstudio.rs\/en_us\/wp-json\/wp\/v2\/pages\/8602","targetHints":{"allow":["GET"]}}],"collection":[{"href":"https:\/\/epilstudio.rs\/en_us\/wp-json\/wp\/v2\/pages"}],"about":[{"href":"https:\/\/epilstudio.rs\/en_us\/wp-json\/wp\/v2\/types\/page"}],"author":[{"embeddable":true,"href":"https:\/\/epilstudio.rs\/en_us\/wp-json\/wp\/v2\/users\/1"}],"replies":[{"embeddable":true,"href":"https:\/\/epilstudio.rs\/en_us\/wp-json\/wp\/v2\/comments?post=8602"}],"version-history":[{"count":0,"href":"https:\/\/epilstudio.rs\/en_us\/wp-json\/wp\/v2\/pages\/8602\/revisions"}],"wp:attachment":[{"href":"https:\/\/epilstudio.rs\/en_us\/wp-json\/wp\/v2\/media?parent=8602"}],"curies":[{"name":"wp","href":"https:\/\/api.w.org\/{rel}","templated":true}]}}