{"id":25,"date":"2024-07-08T15:15:45","date_gmt":"2024-07-08T15:15:45","guid":{"rendered":"https:\/\/epilstudio.rs\/?page_id=25"},"modified":"2024-10-25T15:20:09","modified_gmt":"2024-10-25T15:20:09","slug":"o-nama","status":"publish","type":"page","link":"https:\/\/epilstudio.rs\/en_us\/o-nama\/","title":{"rendered":"O NAMA"},"content":{"rendered":"<p>Epil Medic je ordinacija op\u0161te medicine koja pacijentima nudi \u0161iroku ponudu medicinskih usluga.<br \/>\nIt is located in the very center of Zemun, near Zemun Park and Zemun Hospital.<br \/>\nThe owner is Dr. Novakovi\u0107 Marija, born in Belgrade in 1981, and graduated from the Faculty of Medicine in Belgrade in 2009.<br \/>\nShe completed specialist academic studies in microbiology.<br \/>\nShe gained her first clinical experience as a general practitioner at the Emergency Medical Service, where she worked until 2017.<br \/>\n\u010clan je udru\u017eenja za estetsku i anti- age medicine SESIAM.<br \/>\nDoktorka je pokazala veliko interesovanje za kineskom tradicionalom medicinom kao i biorezonatnim metodama le\u010denja.<br \/>\nShe acquired her first knowledge of acupuncture and quantum medicine at the Serbian Medical Association, organized by the Quantes association.<br \/>\n(International Association for the Promotion and Development of Quantum Medicine).<br \/>\nQuantum medicine is an alternative treatment method accepted by the Regulations of the Ministry of Health of Serbia.<br \/>\nThe doctor performs examinations and treatments using the Bicom Optima and Bicom Body Check devices.<\/p>","protected":false},"excerpt":{"rendered":"<p>Epil Medic je ordinacija op\u0161te medicine koja pacijentima nudi \u0161iroku ponudu medicinskih usluga. Nalazi se u samom centru Zemuna u blizini Zemunskog Parka i Zemunske Bolnice. Vlasnik je dr Novakovi\u0107 Marija ro\u0111ena u Beogradu 1981. godine, diplomirala na medicinskom fakultetu u Beogradu 2009. godine. Zavr\u0161ila je specijalisti\u010dke akademske studije iz mikrobiologije. Svoje prvo klini\u010dko iskustvo [&hellip;]<\/p>","protected":false},"author":1,"featured_media":0,"parent":0,"menu_order":0,"comment_status":"closed","ping_status":"closed","template":"","meta":{"footnotes":""},"class_list":["post-25","page","type-page","status-publish","hentry"],"_links":{"self":[{"href":"https:\/\/epilstudio.rs\/en_us\/wp-json\/wp\/v2\/pages\/25","targetHints":{"allow":["GET"]}}],"collection":[{"href":"https:\/\/epilstudio.rs\/en_us\/wp-json\/wp\/v2\/pages"}],"about":[{"href":"https:\/\/epilstudio.rs\/en_us\/wp-json\/wp\/v2\/types\/page"}],"author":[{"embeddable":true,"href":"https:\/\/epilstudio.rs\/en_us\/wp-json\/wp\/v2\/users\/1"}],"replies":[{"embeddable":true,"href":"https:\/\/epilstudio.rs\/en_us\/wp-json\/wp\/v2\/comments?post=25"}],"version-history":[{"count":1,"href":"https:\/\/epilstudio.rs\/en_us\/wp-json\/wp\/v2\/pages\/25\/revisions"}],"predecessor-version":[{"id":8660,"href":"https:\/\/epilstudio.rs\/en_us\/wp-json\/wp\/v2\/pages\/25\/revisions\/8660"}],"wp:attachment":[{"href":"https:\/\/epilstudio.rs\/en_us\/wp-json\/wp\/v2\/media?parent=25"}],"curies":[{"name":"wp","href":"https:\/\/api.w.org\/{rel}","templated":true}]}}