{"id":23,"date":"2024-07-08T15:15:45","date_gmt":"2024-07-08T15:15:45","guid":{"rendered":"https:\/\/epilstudio.rs\/?page_id=23"},"modified":"2024-10-25T15:20:32","modified_gmt":"2024-10-25T15:20:32","slug":"radiotalasno-uklanjanje-papiloma","status":"publish","type":"page","link":"https:\/\/epilstudio.rs\/en_us\/radiotalasno-uklanjanje-papiloma\/","title":{"rendered":"RADIO WAVE REMOVAL OF PAPILLOS"},"content":{"rendered":"<p>Papilomi su male vise\u0107e tvorevine uzrokovane humanim papiloma virusima. Naj\u010de\u0161\u0107e se nalaze u predelu vrata , na licu ili ispod pazuha.<br \/>\nProcedura uklanjanje promena radiotalasima je jednostavna.<br \/>\nPre tretmana se obavi pregled kojim se potvr\u0111uje da su prisutne promene zaista papilomi. Potom se nanese lokalni anestetik na ko\u017eu i sa\u010deka oko 15 minuta da on deluje. Nakon toga, koriste se radiotalasi da se ukloni promena u potpunosti.<br \/>\nNa mestu koje smo tretirali radiotalasima ostaje crvenilo koje je prolaznog tipa i ponekad manja krastica.<\/p>\n<p>Ukoliko papiloma ima vi\u0161e od 10 sa\u010deka\u0107emo desetak dana da se ko\u017ea oporavi pa \u0107emo nastaviti sa uklanjanjem u nekom od slede\u0107ih dolazaka.<\/p>","protected":false},"excerpt":{"rendered":"<p>Papilomi su male vise\u0107e tvorevine uzrokovane humanim papiloma virusima. Naj\u010de\u0161\u0107e se nalaze u predelu vrata , na licu ili ispod pazuha. Procedura uklanjanje promena radiotalasima je jednostavna. Pre tretmana se obavi pregled kojim se potvr\u0111uje da su prisutne promene zaista papilomi. Potom se nanese lokalni anestetik na ko\u017eu i sa\u010deka oko 15 minuta da on [&hellip;]<\/p>","protected":false},"author":1,"featured_media":0,"parent":0,"menu_order":0,"comment_status":"closed","ping_status":"closed","template":"","meta":{"footnotes":""},"class_list":["post-23","page","type-page","status-publish","hentry"],"_links":{"self":[{"href":"https:\/\/epilstudio.rs\/en_us\/wp-json\/wp\/v2\/pages\/23","targetHints":{"allow":["GET"]}}],"collection":[{"href":"https:\/\/epilstudio.rs\/en_us\/wp-json\/wp\/v2\/pages"}],"about":[{"href":"https:\/\/epilstudio.rs\/en_us\/wp-json\/wp\/v2\/types\/page"}],"author":[{"embeddable":true,"href":"https:\/\/epilstudio.rs\/en_us\/wp-json\/wp\/v2\/users\/1"}],"replies":[{"embeddable":true,"href":"https:\/\/epilstudio.rs\/en_us\/wp-json\/wp\/v2\/comments?post=23"}],"version-history":[{"count":1,"href":"https:\/\/epilstudio.rs\/en_us\/wp-json\/wp\/v2\/pages\/23\/revisions"}],"predecessor-version":[{"id":8662,"href":"https:\/\/epilstudio.rs\/en_us\/wp-json\/wp\/v2\/pages\/23\/revisions\/8662"}],"wp:attachment":[{"href":"https:\/\/epilstudio.rs\/en_us\/wp-json\/wp\/v2\/media?parent=23"}],"curies":[{"name":"wp","href":"https:\/\/api.w.org\/{rel}","templated":true}]}}