{"id":22,"date":"2024-07-08T15:15:45","date_gmt":"2024-07-08T15:15:45","guid":{"rendered":"https:\/\/epilstudio.rs\/?page_id=22"},"modified":"2024-10-25T15:17:35","modified_gmt":"2024-10-25T15:17:35","slug":"biorevitalizacija","status":"publish","type":"page","link":"https:\/\/epilstudio.rs\/en_us\/biorevitalizacija\/","title":{"rendered":"BIOREVITALIZATION"},"content":{"rendered":"<p>Biorevitalization is a relatively new method of skin rejuvenation and muscle tone enhancement, and involves injecting active substances into the skin.<\/p>\n<p>First of all, these are hyaluronic acid, organic silicon, amino acids, and peptides.<\/p>\n<p>The technique itself is similar to mesotherapy, so we use extremely thin needles, but the effect is visible immediately.<\/p>\n<p>In addition to the extremely strong anti-aging effect, the special significance of this method is the regeneration and deep hydration of the skin.<\/p>\n<p>In addition to a better appearance, the skin also gets a completely better structure, which is very beneficial, especially for skin that has been damaged by the sun.<\/p>\n<p>It is optimal to perform three procedures in one series of biorevitalization, but the result is visible immediately after the first treatment.<\/p>\n<p>If you are going to the seaside, or to places where there is a lot of sun, we recommend that you have 2 procedures before and 2 procedures after the trip.<\/p>","protected":false},"excerpt":{"rendered":"<p>Biorevitalizacija je relativno nova metoda podmladjivanja ko\u017ee i podizanja mi\u0161i\u0107nog tonusa, a podrazumeva ubrizgavanje aktivnih supstanci u ko\u017eu. Pre svega su to hijaluronska kiselina organski slilicijum, aminokiseline i peptidi. Sama tehnika je sli\u010dna mezoterapiji, tako da koristimo izuzetno tanke iglice ali je efekat vidljiv odmah. Osim izuzetno jakog anti-age efekta, poseban zna\u010daj ove metode je [&hellip;]<\/p>","protected":false},"author":1,"featured_media":0,"parent":0,"menu_order":0,"comment_status":"closed","ping_status":"closed","template":"","meta":{"footnotes":""},"class_list":["post-22","page","type-page","status-publish","hentry"],"_links":{"self":[{"href":"https:\/\/epilstudio.rs\/en_us\/wp-json\/wp\/v2\/pages\/22","targetHints":{"allow":["GET"]}}],"collection":[{"href":"https:\/\/epilstudio.rs\/en_us\/wp-json\/wp\/v2\/pages"}],"about":[{"href":"https:\/\/epilstudio.rs\/en_us\/wp-json\/wp\/v2\/types\/page"}],"author":[{"embeddable":true,"href":"https:\/\/epilstudio.rs\/en_us\/wp-json\/wp\/v2\/users\/1"}],"replies":[{"embeddable":true,"href":"https:\/\/epilstudio.rs\/en_us\/wp-json\/wp\/v2\/comments?post=22"}],"version-history":[{"count":1,"href":"https:\/\/epilstudio.rs\/en_us\/wp-json\/wp\/v2\/pages\/22\/revisions"}],"predecessor-version":[{"id":8651,"href":"https:\/\/epilstudio.rs\/en_us\/wp-json\/wp\/v2\/pages\/22\/revisions\/8651"}],"wp:attachment":[{"href":"https:\/\/epilstudio.rs\/en_us\/wp-json\/wp\/v2\/media?parent=22"}],"curies":[{"name":"wp","href":"https:\/\/api.w.org\/{rel}","templated":true}]}}