{"id":21,"date":"2024-07-08T15:15:45","date_gmt":"2024-07-08T15:15:45","guid":{"rendered":"https:\/\/epilstudio.rs\/?page_id=21"},"modified":"2024-10-25T15:19:07","modified_gmt":"2024-10-25T15:19:07","slug":"hemijski-pilinzi","status":"publish","type":"page","link":"https:\/\/epilstudio.rs\/en_us\/hemijski-pilinzi\/","title":{"rendered":"CHEMICAL PEELS"},"content":{"rendered":"<p>Hemijski piling podrazumeva upotrebu neke od hemikalija koja se nanosi na ko\u017eu sa ciljem da izazove lju\u0161tenje povr\u0161inskog sloja. Efekat kemijskog pilinga zavisi od togakoja se kiselina konkretno koristi.<br \/>\nHemijski pilinzi su vrlo popularna metoda za pobolj\u0161anje teksture ko\u017ee, uklanjanje hiperpigmentacija i ubla\u017eavanje bora. Osim toga koriste se kao terapija za akne i pro\u0161irene pore.<br \/>\nPoznato je da se Kleopatra u starom Egiptu kupala u kiselom mleku i tretirala svoje lice gro\u017e\u0111em da bi ko\u017eu zadr\u017eala lepom i sve\u017eom. U to vreme nisu znali da je re\u010d o glikolnoj kiselini, ali su primetili dobrobit ovih tretmana.<br \/>\nDanas, osim glikolne kiseline koristimo i niz drugih (acetilsalicilnu, mle\u010dnu, TCA) koje u kombinaciji sa filerima ili botoksom predstavljaju \u010darobnu formulu za odr\u017eavanje mladala\u010dkog izgleda ko\u017ee.Hemijski pilinzi podeljeni su na osnovu dubine delovanja na povr\u0161inske pilinge, srednje i duboke pilinge. Trenutno su u ordinacijama i salonima najvi\u0161e iyvode povr\u0161ni pilinzi.Oni ne mogu ubla\u017eiti duboke bore ili ukloniti fleke, ali uti\u010du na pobolj\u0161anje boje i teksture ko\u017ee i tako dobijamo sve\u017e izgled. Ve\u0107ina hemijskih pilinga uglavnom se izvodi u hladnom periodu godine, dakle u jesen i tokom zime, da ne bi do\u0161li u situaciju da se pod dejstvom jakog sunca (nakon pilinga)formiraju pegice ili fleke na ko\u017ei.<\/p>\n<p>Jedan od pilinga koji u nasoj ordinaciji koristimo je PRX-33<\/p>\n<p>PRX T33 je najnovija bezbolna metoda za biorevitalizaciju. Tretman se sprovodi bez bilo kakvih iglica, sto zna\u010di da nije bolan i da ne zahteva period oporavka. Ova formula sadrzi u sebi TCA kiselinu 33% i hidrogen peroksid. Ove supstance na neagresivni na\u010din podsti\u010du fibroblaste, \u010dime se ostvaruje hemijska neablativna stimulacija dermisa i revitalizacija bez igle. Tretman nije bolan, ne ostavlja tragove osim kratkotrajnog blagog otoka . Piling ne izaziva fotosenzibilnost, primjenjuje se tokom cele godine. Indikacije su o\u017eiljci od akni, dubinsko \u010di\u0161\u0107enje pora , strije, melazma, biorevitalizacija lica, dekoltea i tela.<\/p>\n<p>Indikacije za PRX T33 : podmladjivanje ko\u017ee lica i vrata, melazma, o\u017eiljci od akni, strije.<\/p>","protected":false},"excerpt":{"rendered":"<p>Hemijski piling podrazumeva upotrebu neke od hemikalija koja se nanosi na ko\u017eu sa ciljem da izazove lju\u0161tenje povr\u0161inskog sloja. Efekat kemijskog pilinga zavisi od togakoja se kiselina konkretno koristi. Hemijski pilinzi su vrlo popularna metoda za pobolj\u0161anje teksture ko\u017ee, uklanjanje hiperpigmentacija i ubla\u017eavanje bora. Osim toga koriste se kao terapija za akne i pro\u0161irene pore. [&hellip;]<\/p>","protected":false},"author":1,"featured_media":0,"parent":0,"menu_order":0,"comment_status":"closed","ping_status":"closed","template":"","meta":{"footnotes":""},"class_list":["post-21","page","type-page","status-publish","hentry"],"_links":{"self":[{"href":"https:\/\/epilstudio.rs\/en_us\/wp-json\/wp\/v2\/pages\/21","targetHints":{"allow":["GET"]}}],"collection":[{"href":"https:\/\/epilstudio.rs\/en_us\/wp-json\/wp\/v2\/pages"}],"about":[{"href":"https:\/\/epilstudio.rs\/en_us\/wp-json\/wp\/v2\/types\/page"}],"author":[{"embeddable":true,"href":"https:\/\/epilstudio.rs\/en_us\/wp-json\/wp\/v2\/users\/1"}],"replies":[{"embeddable":true,"href":"https:\/\/epilstudio.rs\/en_us\/wp-json\/wp\/v2\/comments?post=21"}],"version-history":[{"count":1,"href":"https:\/\/epilstudio.rs\/en_us\/wp-json\/wp\/v2\/pages\/21\/revisions"}],"predecessor-version":[{"id":8655,"href":"https:\/\/epilstudio.rs\/en_us\/wp-json\/wp\/v2\/pages\/21\/revisions\/8655"}],"wp:attachment":[{"href":"https:\/\/epilstudio.rs\/en_us\/wp-json\/wp\/v2\/media?parent=21"}],"curies":[{"name":"wp","href":"https:\/\/api.w.org\/{rel}","templated":true}]}}