{"id":20,"date":"2024-07-08T15:15:45","date_gmt":"2024-07-08T15:15:45","guid":{"rendered":"https:\/\/epilstudio.rs\/?page_id=20"},"modified":"2025-03-22T16:29:10","modified_gmt":"2025-03-22T16:29:10","slug":"lipoliza","status":"publish","type":"page","link":"https:\/\/epilstudio.rs\/en_us\/lipoliza\/","title":{"rendered":"lipolysis"},"content":{"rendered":"<p>Lipoliza je popularna procedura za uklanjanje masnih naslaga. Izvodi se tako \u0161to odgovaraju\u0107i preparat ( lipolitik) pomo\u0107u malih mezo iglica , injektujemo u regiju gde postoji &#8222;vi\u0161ak&#8220;.<\/p>\n<p>Za razliku od klasi\u010dne dijete, lipolizom dovodimo do destrukcije masnih \u0107elija odnosno adipocita ( dolazi do pucanja membrane masnih \u0107elija) tako da u tretiranoj regiji ne dolazi do ponovnog &#8222;nagomilavanja&#8220; masnih naslaga.<\/p>\n<p>Pomo\u0107u injekcione lipolize mo\u017eete na brz i bezbedan na\u010din ukloniti masno tkivo sa stomaka, zadnjice, ruku odnosno nadlaktica ili nogu.<br \/>\nZa dve nedelje mo\u017eete o\u010dekivati prve rezultate u smislu smanjenja obima u regiji koju smo tretirali. I tada, ukoliko je potrebno, sam tretman mo\u017eemo da ponovimo.<\/p>\n<p>Ukoliko problem nije prvenstveno vi\u0161ak masti, ve\u0107 celulit, u tom slu\u010daju procedura je malo druga\u010dija. Preparat koji koristimo nije lipolitik ve\u0107 je to naj\u010de\u0161\u0107e Cellutrix. Obzirom da je celulit pre svega problem na nivou mikrocirkulacije, ovaj koktel sadr\u017ei prvenstveno sastojke ( poput kofeina) koji lokalno ubrzavaju cirkulaciju, ali i L- karnitin, antioksidante, aminokiseline i vitamine. Tretman se izvodi istim malim mezoiglicama, kao kod lipolize, ali protokol primene je umesto 15 na 7 dana. Prose\u010dno je potrebno 3- 4 anticelulit tretmana.<\/p>","protected":false},"excerpt":{"rendered":"<p>Lipoliza je popularna procedura za uklanjanje masnih naslaga. Izvodi se tako \u0161to odgovaraju\u0107i preparat ( lipolitik) pomo\u0107u malih mezo iglica , injektujemo u regiju gde postoji &#8222;vi\u0161ak&#8220;. Za razliku od klasi\u010dne dijete, lipolizom dovodimo do destrukcije masnih \u0107elija odnosno adipocita ( dolazi do pucanja membrane masnih \u0107elija) tako da u tretiranoj regiji ne dolazi do [&hellip;]<\/p>","protected":false},"author":1,"featured_media":0,"parent":0,"menu_order":0,"comment_status":"closed","ping_status":"closed","template":"","meta":{"footnotes":""},"class_list":["post-20","page","type-page","status-publish","hentry"],"_links":{"self":[{"href":"https:\/\/epilstudio.rs\/en_us\/wp-json\/wp\/v2\/pages\/20","targetHints":{"allow":["GET"]}}],"collection":[{"href":"https:\/\/epilstudio.rs\/en_us\/wp-json\/wp\/v2\/pages"}],"about":[{"href":"https:\/\/epilstudio.rs\/en_us\/wp-json\/wp\/v2\/types\/page"}],"author":[{"embeddable":true,"href":"https:\/\/epilstudio.rs\/en_us\/wp-json\/wp\/v2\/users\/1"}],"replies":[{"embeddable":true,"href":"https:\/\/epilstudio.rs\/en_us\/wp-json\/wp\/v2\/comments?post=20"}],"version-history":[{"count":2,"href":"https:\/\/epilstudio.rs\/en_us\/wp-json\/wp\/v2\/pages\/20\/revisions"}],"predecessor-version":[{"id":8817,"href":"https:\/\/epilstudio.rs\/en_us\/wp-json\/wp\/v2\/pages\/20\/revisions\/8817"}],"wp:attachment":[{"href":"https:\/\/epilstudio.rs\/en_us\/wp-json\/wp\/v2\/media?parent=20"}],"curies":[{"name":"wp","href":"https:\/\/api.w.org\/{rel}","templated":true}]}}