{"id":19,"date":"2024-07-08T15:15:45","date_gmt":"2024-07-08T15:15:45","guid":{"rendered":"https:\/\/epilstudio.rs\/?page_id=19"},"modified":"2024-10-25T15:20:02","modified_gmt":"2024-10-25T15:20:02","slug":"mezoterapija-bola","status":"publish","type":"page","link":"https:\/\/epilstudio.rs\/en_us\/mezoterapija-bola\/","title":{"rendered":"MESOTHERAPY FOR THE PAIN"},"content":{"rendered":"<p>Mezoterapija je metoda le\u010denja kod koje se problem tretira lokalno- na obolelom mestu. sa specifi\u010dnom kombinacijom lekova.<\/p>\n<p>Kolevkom mezoterapije smatra se Francuska: francuski lekar, dr Mi\u0161el Pistor 1953. godine patentirao je ovu metodu i uveo je u svakodnevnu lekarsku praksu.<\/p>\n<p>Prva asocijacija na mezoterapiju danas je estetika, medjutim ona se prvo pocela primenjivati u neurologiji, ginekologiji i dermatologiji, Hiljade francuskih lekara danas koristi mezoterapiju, a ona se danas sve vi\u0161e primenjuje i u sportskoj medicine.<\/p>\n<p>Mezoterapija bola<\/p>\n<p>se izvodi lokalnom aplikacijom sterilnim \u0161pricevima i iglicama, koje su veoma tanke. Nije bolna, mada mo\u017ee biti neprijatna ako se primenjuje u predelu prstiiju ili na primer na tabanima.<\/p>\n<p>Naj\u010de\u0161\u0107i problemi zbog kojih se pacijenti javljaju su: bol u vratu ili ramenu, u\u0161inu\u0107e vrata, teniski lakat, migrena..<\/p>\n<p>Mezoterapija poma\u017ee i kod: i\u0161ijasa, uklje\u0161tenja \u017eivaca sa trnjenjem ruku, \u0161aka ili stopala, bolova u le\u0111ima, bolova u kolenima i tetivama.<\/p>\n<p>Prednost ove metode je brzo i efikasno re\u0161avanje problema &#8211; lokalno, bez sistemskih efekata.<\/p>\n<p>&nbsp;<\/p>","protected":false},"excerpt":{"rendered":"<p>Mezoterapija je metoda le\u010denja kod koje se problem tretira lokalno- na obolelom mestu. sa specifi\u010dnom kombinacijom lekova. Kolevkom mezoterapije smatra se Francuska: francuski lekar, dr Mi\u0161el Pistor 1953. godine patentirao je ovu metodu i uveo je u svakodnevnu lekarsku praksu. Prva asocijacija na mezoterapiju danas je estetika, medjutim ona se prvo pocela primenjivati u neurologiji, [&hellip;]<\/p>","protected":false},"author":1,"featured_media":0,"parent":0,"menu_order":0,"comment_status":"closed","ping_status":"closed","template":"","meta":{"footnotes":""},"class_list":["post-19","page","type-page","status-publish","hentry"],"_links":{"self":[{"href":"https:\/\/epilstudio.rs\/en_us\/wp-json\/wp\/v2\/pages\/19","targetHints":{"allow":["GET"]}}],"collection":[{"href":"https:\/\/epilstudio.rs\/en_us\/wp-json\/wp\/v2\/pages"}],"about":[{"href":"https:\/\/epilstudio.rs\/en_us\/wp-json\/wp\/v2\/types\/page"}],"author":[{"embeddable":true,"href":"https:\/\/epilstudio.rs\/en_us\/wp-json\/wp\/v2\/users\/1"}],"replies":[{"embeddable":true,"href":"https:\/\/epilstudio.rs\/en_us\/wp-json\/wp\/v2\/comments?post=19"}],"version-history":[{"count":1,"href":"https:\/\/epilstudio.rs\/en_us\/wp-json\/wp\/v2\/pages\/19\/revisions"}],"predecessor-version":[{"id":8659,"href":"https:\/\/epilstudio.rs\/en_us\/wp-json\/wp\/v2\/pages\/19\/revisions\/8659"}],"wp:attachment":[{"href":"https:\/\/epilstudio.rs\/en_us\/wp-json\/wp\/v2\/media?parent=19"}],"curies":[{"name":"wp","href":"https:\/\/api.w.org\/{rel}","templated":true}]}}