{"id":18,"date":"2024-07-08T15:15:45","date_gmt":"2024-07-08T15:15:45","guid":{"rendered":"https:\/\/epilstudio.rs\/?page_id=18"},"modified":"2024-10-25T15:19:52","modified_gmt":"2024-10-25T15:19:52","slug":"mezoterapija","status":"publish","type":"page","link":"https:\/\/epilstudio.rs\/en_us\/mezoterapija\/","title":{"rendered":"MESOTHERAPY"},"content":{"rendered":"<p>Mezoterapija je procedura kojom se posti\u017ee podmla\u0111ivanje ko\u017ee, odnosno redukovanje znakova starenja ko\u017ee kao \u0161to su bore, suva i opu\u0161tena ko\u017ea. \ud83d\udcab<\/p>\n<p>Mo\u017ee se koristiti samostalno ili zajedno sa drugim estetskim procedurama, po\u010dev ve\u0107 od 30-e godine.<\/p>\n<p>Mezoterapijski tretman se mo\u017ee uraditi u bilo koje doba godine, bez obzira na to da li je ko\u017ea osun\u010dana ili ne. \u2600\ufe0f<\/p>\n<p>Podrazumeva ubrizgavanje mezoterapijskih koktela u srednji sloj ko\u017ee, koji sadr\u017ee regenerativne supstance kao \u0161to su hijaluronska kiselina, kompleks vitamina i aminokiselina koji stimuli\u0161u \u0107elijski metabolizam i podsti\u010du rejuvenaciju odnosno podmla\u0111ivanje ko\u017ee. \ud83d\udc89<\/p>\n<p>Prednosti mezoterapije:<br \/>\n\u2714\ufe0fTo je prirodan, neinvazivan metod podmla\u0111ivanja ko\u017ee<br \/>\n\u2714\ufe0fKo\u017ea dobija vitamine, hijaluronsku kiselinu i hranljive sastojke koji joj nedostaju<br \/>\n\u2714\ufe0fKo\u017ea postaje glatka i hidrirana<br \/>\n\u2714\ufe0fEfekat je brz i dugotrajan<br \/>\n\u2714\ufe0fSitne bore nestaju, duboke bore se manje vide.<\/p>\n<p>Zaka\u017eite svoj termin na vreme! \ud83d\ude0a<br \/>\n\ud83d\udcde 063 138 00 99<br \/>\n\ud83d\udccd \u0160trosmajerova 9, Beograd<\/p>","protected":false},"excerpt":{"rendered":"<p>Mezoterapija je procedura kojom se posti\u017ee podmla\u0111ivanje ko\u017ee, odnosno redukovanje znakova starenja ko\u017ee kao \u0161to su bore, suva i opu\u0161tena ko\u017ea. \ud83d\udcab Mo\u017ee se koristiti samostalno ili zajedno sa drugim estetskim procedurama, po\u010dev ve\u0107 od 30-e godine. Mezoterapijski tretman se mo\u017ee uraditi u bilo koje doba godine, bez obzira na to da li je ko\u017ea [&hellip;]<\/p>","protected":false},"author":1,"featured_media":0,"parent":0,"menu_order":0,"comment_status":"closed","ping_status":"closed","template":"","meta":{"footnotes":""},"class_list":["post-18","page","type-page","status-publish","hentry"],"_links":{"self":[{"href":"https:\/\/epilstudio.rs\/en_us\/wp-json\/wp\/v2\/pages\/18","targetHints":{"allow":["GET"]}}],"collection":[{"href":"https:\/\/epilstudio.rs\/en_us\/wp-json\/wp\/v2\/pages"}],"about":[{"href":"https:\/\/epilstudio.rs\/en_us\/wp-json\/wp\/v2\/types\/page"}],"author":[{"embeddable":true,"href":"https:\/\/epilstudio.rs\/en_us\/wp-json\/wp\/v2\/users\/1"}],"replies":[{"embeddable":true,"href":"https:\/\/epilstudio.rs\/en_us\/wp-json\/wp\/v2\/comments?post=18"}],"version-history":[{"count":1,"href":"https:\/\/epilstudio.rs\/en_us\/wp-json\/wp\/v2\/pages\/18\/revisions"}],"predecessor-version":[{"id":8658,"href":"https:\/\/epilstudio.rs\/en_us\/wp-json\/wp\/v2\/pages\/18\/revisions\/8658"}],"wp:attachment":[{"href":"https:\/\/epilstudio.rs\/en_us\/wp-json\/wp\/v2\/media?parent=18"}],"curies":[{"name":"wp","href":"https:\/\/api.w.org\/{rel}","templated":true}]}}