{"id":179,"date":"2024-10-16T10:25:08","date_gmt":"2024-10-16T10:25:08","guid":{"rendered":"https:\/\/epilstudio.rs\/?page_id=179"},"modified":"2024-10-25T15:20:22","modified_gmt":"2024-10-25T15:20:22","slug":"prp-tretman","status":"publish","type":"page","link":"https:\/\/epilstudio.rs\/en_us\/prp-tretman\/","title":{"rendered":"PRP Treatment"},"content":{"rendered":"<p>\u0160ta je PRP tretman?<br \/>\nKrvna plazma bogata trombocitima se vi\u0161e od trideset godina uspe\u0161no koristi u ortopediji za obnavljanje hrskavice nakon sportskih povreda i za br\u017ee zarastanje tkiva. Nakon toga, PRP plazma tretman je po\u010deo da se koristi i u estetskoj medicioni zbog faktora rasta koje dobijeni serum sadr\u017ei.<\/p>\n<p>PRP metoda podmla\u0111ivanja mati\u010dnim \u0107elijama je potpuno prirodna metoda aplikovanja sopstvene krvne plazme bogate trombocitima u tkivo pocijenta. To u ewstetici mo\u017ee biti regija lica, vrata, dekoltea, predeo \u0161aka ili teme glave. Plazma se dobija centrifugiranjem krvi, a serum koji se injektira u ko\u017eu je pun trombocita i faktora rasta.<br \/>\nTrombociti su poznati po svojoj va\u017enosti u zgru\u0161avanju krvi, ali sadr\u017ee faktore rasta i bioaktivne proteine koji uti\u010du na regeneraciju tkiva i podmla\u0111ivanje.<\/p>\n<p>Trombocitni faktori rasta i mati\u010dne \u0107elije poma\u017eu stvaranje novog kolagena i krvnh sudova, obnavljaju i pobolj\u0161avaju o\u0161te\u0107enu ko\u017eu i ubla\u017eavaju znakove starenja. Oni imaju sna\u017ean efekat u podmla\u0111ivanju, regeneraciji i revitalizaciji ko\u017ee.<\/p>\n<p>Ovaj tretman se naziva jo\u0161 i \u201eVampirski tretman\u201c<\/p>\n<p>Kako se izvodi?<br \/>\nProcedura je jednostavna i po\u010dinje pregledom. Nakon toga, vadi se krv iz vene pacijenta kako bi se iz nje izdvojila plazma a odbacili eritrociti i leukociti.<\/p>\n<p>Krv se par minuta obra\u0111uje u ma\u0161ini za centrifugiranje.<\/p>\n<p>U pitanju je aparat koji uz pomo\u0107 centrifugalne sile u potpunosti odvaja crvena krvna zrnca od seruma. U tako dobijen serum se dodaju aktivne supstance koje podsti\u010du trombocite da otpu\u0161taju faktore rasta (growth faktore).<\/p>\n<p>Tokom procesa centrifugiranja koncentracija trombocita i faktora rasta u krvnoj plazmi se pove\u0107ava izme\u0111u 5 i 10 puta. Kako bi se trombociti aktivirali u ovako izdvojenu plazmu se dodaje kalcijum hlorid. Eliksir koji se dobija osloba\u0111a toplotnu energiju u dodiru sa ko\u017eom i tkivom i aktivira mati\u010dne \u0107elije koje su povezane sa ulogom ko\u017ee da proizvodi kolagen i elastin.<\/p>\n<p>Regija na kojoj se vr\u0161i aplikacija je pre toga pripremljena i o\u010di\u0161\u0107ena hirur\u0161kim antisepticima. Na ko\u017eu se prethodno nanese anestetik krema, koja odstoji oko 15-20 minuta kako bi bol u toku tretmana bila svedena na minimum.<\/p>\n<p>Centrifuglani pro\u010di\u0161\u0107eni serum se injekcionim putem ubrizgava u o\u0161te\u0107eno ili povre\u0111eno tkivo. Postupak se izvodi pomo\u0107u malih mezo iglica.<\/p>\n<p>Aplikovani trombociti otpu\u0161taju growth faktore tokom 7 do 10 dana od ura\u0111enog tretmana.<\/p>\n<p>Na ovaj na\u010din se posti\u017ee bolja hidriranost i prokrvljenost ko\u017ee. Ona je nahranjena i dobija vi\u0161e kiseonika.<\/p>\n<p>Sistemi za uzimanje krvi su sterilni, \u0161pricevi su za jednokratnu upotrebu i koriste se posebni ure\u0111aji namenjeni za dobijanje plazme bogate trombocitima.<\/p>\n<p>Da li je tretman bezbedan?<br \/>\nPRP metoda je bezbedna i ne izaziva alergijske reakcije, jer se za njenu upotrebu koristi samo najbolji materijal koji ko\u017ea i tkivo prepoznaju kao svoj li\u010dni deo. Idealna je za osetljivu ko\u017eu koja reaguje na razne hemijske preparate i zbog toga je ovo najsigurnija metoda za podmla\u0111ivanje bez posledica.<\/p>\n<p>Tretman je u potpunosti netoksi\u010dan, hipoalergen i ne zahteva vreme oporavka.<\/p>\n<p>Propratni fenomeni poput pojave manjih modrica su mogu\u0107i. One se povala\u010de nakon par dana.<\/p>\n<p>Ova neinvazivna metoda daje neodoljive rezultate u tretiranju razli\u010ditih problema vezanih za ko\u017eu. Razlika u odnosu na injekcionu primenu kortikosteroida je \u0161to kod PRP metode ne postoji rizik od posledi\u010dnih ruptura tetiva, mi\u0161i\u0107a i ligamenata i nema lokalnog slabljenja tkiva.<\/p>\n<p>Ukoliko se posle terapije pojavi bol koji du\u017ee traje, treba se obratiti lekaru i koristiti isklju\u010divo terapiju koju on odredi.<\/p>\n<p>Terapija zavisi od indikacija, odnosno estetske procedure, oboljenja, sportskih povreda itd.<\/p>\n<p>Nije dozvoljena samostalna upotreba lekova kao \u0161to su aspirin, andol, brufen i dr.<\/p>\n<p>Kome se PRP tretman preporu\u010duje ?<br \/>\nTretman se preporu\u010duje osobama koje \u017eele da kontrolisano stare i osve\u017ee svoje lice, a da pri tome izbegnu agresivne tretmane.<\/p>\n<p>Ova metoda se ne radi kod trudnica i osoba koje su alergi\u010dne na anestetik. Tako\u0111e, PRP metoda se ne primenjuje u slu\u010dajevima trombocitopenije, autoimunih oboljenja, sepse, akutnih bolesti, hroni\u010dnih bolesti jetre i kod bolesnika na antikoagulantnoj terapiji.<\/p>\n<p>Kada su vidiljivi rezultati i koliko traju?<\/p>\n<p>Radi postizanja najboljih rezultata preporuka je da se procedura obavlja 3 do 5 puta godi\u0161nje.<\/p>\n<p>Ne postoji ograni\u010denje kada je re\u010d o broju tretmana koji se mogu obavljati tokom godinu dana.<\/p>\n<p>Razlog tome je \u0161to se serum dobija iz pacijentove krvi te ne postoje nikakvi faktori rizika.<\/p>\n<p>Me\u0111utim broj tretmana se uglavnom odre\u0111uje individualno u zavisnosti od stanja same ko\u017ee.<\/p>\n<p>Stoga je preporuka da se pre prvog tretmana zaka\u017ee konsultacija sa lekarom koji \u0107e pacijenta posavetovati o svemu \u0161to ga zanima.<\/p>\n<p>Par dana nakon tretmana vidljivo je op\u0161te pobolj\u0161anje u vla\u017enosti, strukturi i tonusu ko\u017ee.<\/p>\n<p>Nakon 3 do 6 nedelja po\u010dinje razvoj novog kolagena i krvnih sudova. U narednih tri do \u0161est meseci dolazi do smanjenja bora.<\/p>\n<p>PRP metodom se posti\u017eu dugotrajni rezultati, koji vremenom postaju sve uo\u010dljiviji, a ogledaju se u potpunoj revitalizaciji i regeneraciji ko\u017ee.<\/p>\n<p>Na taj na\u010din ula\u017eemo ne samo u lep izgled ko\u017ee nego i u njen kvalitet.<\/p>","protected":false},"excerpt":{"rendered":"<p>\u0160ta je PRP tretman? Krvna plazma bogata trombocitima se vi\u0161e od trideset godina uspe\u0161no koristi u ortopediji za obnavljanje hrskavice nakon sportskih povreda i za br\u017ee zarastanje tkiva. Nakon toga, PRP plazma tretman je po\u010deo da se koristi i u estetskoj medicioni zbog faktora rasta koje dobijeni serum sadr\u017ei. PRP metoda podmla\u0111ivanja mati\u010dnim \u0107elijama je [&hellip;]<\/p>","protected":false},"author":1,"featured_media":0,"parent":0,"menu_order":0,"comment_status":"closed","ping_status":"closed","template":"","meta":{"footnotes":""},"class_list":["post-179","page","type-page","status-publish","hentry"],"_links":{"self":[{"href":"https:\/\/epilstudio.rs\/en_us\/wp-json\/wp\/v2\/pages\/179","targetHints":{"allow":["GET"]}}],"collection":[{"href":"https:\/\/epilstudio.rs\/en_us\/wp-json\/wp\/v2\/pages"}],"about":[{"href":"https:\/\/epilstudio.rs\/en_us\/wp-json\/wp\/v2\/types\/page"}],"author":[{"embeddable":true,"href":"https:\/\/epilstudio.rs\/en_us\/wp-json\/wp\/v2\/users\/1"}],"replies":[{"embeddable":true,"href":"https:\/\/epilstudio.rs\/en_us\/wp-json\/wp\/v2\/comments?post=179"}],"version-history":[{"count":1,"href":"https:\/\/epilstudio.rs\/en_us\/wp-json\/wp\/v2\/pages\/179\/revisions"}],"predecessor-version":[{"id":8661,"href":"https:\/\/epilstudio.rs\/en_us\/wp-json\/wp\/v2\/pages\/179\/revisions\/8661"}],"wp:attachment":[{"href":"https:\/\/epilstudio.rs\/en_us\/wp-json\/wp\/v2\/media?parent=179"}],"curies":[{"name":"wp","href":"https:\/\/api.w.org\/{rel}","templated":true}]}}