{"id":17,"date":"2024-07-08T15:15:45","date_gmt":"2024-07-08T15:15:45","guid":{"rendered":"https:\/\/epilstudio.rs\/?page_id=17"},"modified":"2024-10-25T15:18:53","modified_gmt":"2024-10-25T15:18:53","slug":"dubinsko-ciscenje-lica","status":"publish","type":"page","link":"https:\/\/epilstudio.rs\/en_us\/dubinsko-ciscenje-lica\/","title":{"rendered":"DEEP FACIAL CLEANSING"},"content":{"rendered":"<p>\u010ci\u0161\u0107enje lica je zapravo osnovna higijena ko\u017ee. Predstavlja osnovu svih tretmana i adekvatne nege. Rade ga kako \u017eene tako i mu\u0161karci, i mla\u0111eg i starijeg uzrasta.<\/p>\n<p>Sam tretman se sastoji iz nekoliko faza.<br \/>\nPrva faza je zagrevanje pomo\u0107u termomaske kako bi se pore na licu otvorile. Na taj na\u010din se iz njih lak\u0161e mogu ukloniti ne\u010disto\u0107e.<br \/>\nNakon mehani\u010dkog \u010di\u0161\u0107enja radi se piling lica a zatim se ko\u017ea dezinfikuje.<br \/>\nSlede\u0107a faza je nano\u0161enje maske koja umiruje lice. Zatim nanosimo odre\u0111ene serume ili druge preparate za hidrataciju i negu ko\u017ee.<\/p>\n<p>Higijenski tretman lica obi\u010dno zavr\u0161avamo \u010distim kiseonikom koji hladi, umiruje i deluje protiv upalno.<\/p>","protected":false},"excerpt":{"rendered":"<p>\u010ci\u0161\u0107enje lica je zapravo osnovna higijena ko\u017ee. Predstavlja osnovu svih tretmana i adekvatne nege. Rade ga kako \u017eene tako i mu\u0161karci, i mla\u0111eg i starijeg uzrasta. Sam tretman se sastoji iz nekoliko faza. Prva faza je zagrevanje pomo\u0107u termomaske kako bi se pore na licu otvorile. Na taj na\u010din se iz njih lak\u0161e mogu ukloniti [&hellip;]<\/p>","protected":false},"author":1,"featured_media":0,"parent":0,"menu_order":0,"comment_status":"closed","ping_status":"closed","template":"","meta":{"footnotes":""},"class_list":["post-17","page","type-page","status-publish","hentry"],"_links":{"self":[{"href":"https:\/\/epilstudio.rs\/en_us\/wp-json\/wp\/v2\/pages\/17","targetHints":{"allow":["GET"]}}],"collection":[{"href":"https:\/\/epilstudio.rs\/en_us\/wp-json\/wp\/v2\/pages"}],"about":[{"href":"https:\/\/epilstudio.rs\/en_us\/wp-json\/wp\/v2\/types\/page"}],"author":[{"embeddable":true,"href":"https:\/\/epilstudio.rs\/en_us\/wp-json\/wp\/v2\/users\/1"}],"replies":[{"embeddable":true,"href":"https:\/\/epilstudio.rs\/en_us\/wp-json\/wp\/v2\/comments?post=17"}],"version-history":[{"count":1,"href":"https:\/\/epilstudio.rs\/en_us\/wp-json\/wp\/v2\/pages\/17\/revisions"}],"predecessor-version":[{"id":8654,"href":"https:\/\/epilstudio.rs\/en_us\/wp-json\/wp\/v2\/pages\/17\/revisions\/8654"}],"wp:attachment":[{"href":"https:\/\/epilstudio.rs\/en_us\/wp-json\/wp\/v2\/media?parent=17"}],"curies":[{"name":"wp","href":"https:\/\/api.w.org\/{rel}","templated":true}]}}