{"id":16,"date":"2024-07-08T15:15:45","date_gmt":"2024-07-08T15:15:45","guid":{"rendered":"https:\/\/epilstudio.rs\/?page_id=16"},"modified":"2024-11-03T17:05:06","modified_gmt":"2024-11-03T17:05:06","slug":"tretman-lica-kiseonikom","status":"publish","type":"page","link":"https:\/\/epilstudio.rs\/en_us\/tretman-lica-kiseonikom\/","title":{"rendered":"OXYGEN FACIAL TREATMENT"},"content":{"rendered":"<p><strong>Holivudski tretman lica \u010distim kiseonikom<\/strong><\/p>\n<p>Tretman lica \u010distim kiseonikom, koji je veoma popularan u Holivudu, sada je dostupan i ovde! Sve c\u0301elije na\u0161eg tela imaju ne\u0161to zajedni\u010dko, a to je stalna potreba za kiseonikom.<br \/>\nBez toga u na\u0161em organizmu ne mo\u017ee da se odvija ni jedan proces, a u slu\u010daju nedostatka O2 po\u010dinju da se akumuliraju \u0161tetni nusproizvodi koji dovode do o\u0161tec\u0301enja c\u0301elija.<\/p>\n<p><strong>Kako funkcioni\u0161e tretman?<\/strong><\/p>\n<p>Tretman kiseonikom u Epil studiju se odvija u nekoliko faza. Najpre c\u0301e na\u0161 kozmeti\u010dar dobro o\u010distiti va\u0161e lice kako bi kiseonik mogao da dopre do dubljih slojeva ko\u017ee.<br \/>\nVeli\u010dina dispergovane \u010destice je veoma va\u017ena, a 0ki Jet ima sposobnost da raspr\u0161i n \u010destica manjih od 3 mikrona, tako da mogu da prodru u epidermalni sloj ko\u017ee.<br \/>\nAparat koristi molekularni kiseonik koji se izuzetno dobro pokazao u le\u010denju rana jer dovodi do revitalizacije ko\u017ee nakon o\u0161tec\u0301enja i povec\u0301ava snabdevanje epidermisa hranljivim materijama. Uz sam tretman (pre specijalnih Regenergikue seruma) koristimo profesionalnu BABOR kozmetiku kako bi va\u0161a ko\u017ea definitivno dobila najbolju moguc\u0301u hidrataciju i negu.<\/p>\n<p><strong>Kako deluje tretman?<\/strong><\/p>\n<ul>\n<li>Smanjuje podocnjake<\/li>\n<li>Produzava efekat filera<\/li>\n<li>Lifting efekat lica<\/li>\n<li>Ubrzava produkciju novih celija cime usporava proces starenja koze i znatno osvezava lice<\/li>\n<li>Tretman protiv opadanja kose stimulise rast kose i smiruje problematicni skalp glave (perut)<\/li>\n<li>Zateze, detoksikuje i osvezava lice pusaca<\/li>\n<li>Odlican komplement pre i posle tretmana estetske hirurghije na licu<\/li>\n<li>Priprema kozu za suncanje i oporavlja posle intenzivnog suncanja<\/li>\n<\/ul>","protected":false},"excerpt":{"rendered":"<p>Holivudski tretman lica \u010distim kiseonikom Tretman lica \u010distim kiseonikom, koji je veoma popularan u Holivudu, sada je dostupan i ovde! Sve c\u0301elije na\u0161eg tela imaju ne\u0161to zajedni\u010dko, a to je stalna potreba za kiseonikom. Bez toga u na\u0161em organizmu ne mo\u017ee da se odvija ni jedan proces, a u slu\u010daju nedostatka O2 po\u010dinju da se [&hellip;]<\/p>","protected":false},"author":1,"featured_media":0,"parent":0,"menu_order":0,"comment_status":"closed","ping_status":"closed","template":"","meta":{"footnotes":""},"class_list":["post-16","page","type-page","status-publish","hentry"],"_links":{"self":[{"href":"https:\/\/epilstudio.rs\/en_us\/wp-json\/wp\/v2\/pages\/16","targetHints":{"allow":["GET"]}}],"collection":[{"href":"https:\/\/epilstudio.rs\/en_us\/wp-json\/wp\/v2\/pages"}],"about":[{"href":"https:\/\/epilstudio.rs\/en_us\/wp-json\/wp\/v2\/types\/page"}],"author":[{"embeddable":true,"href":"https:\/\/epilstudio.rs\/en_us\/wp-json\/wp\/v2\/users\/1"}],"replies":[{"embeddable":true,"href":"https:\/\/epilstudio.rs\/en_us\/wp-json\/wp\/v2\/comments?post=16"}],"version-history":[{"count":2,"href":"https:\/\/epilstudio.rs\/en_us\/wp-json\/wp\/v2\/pages\/16\/revisions"}],"predecessor-version":[{"id":8755,"href":"https:\/\/epilstudio.rs\/en_us\/wp-json\/wp\/v2\/pages\/16\/revisions\/8755"}],"wp:attachment":[{"href":"https:\/\/epilstudio.rs\/en_us\/wp-json\/wp\/v2\/media?parent=16"}],"curies":[{"name":"wp","href":"https:\/\/api.w.org\/{rel}","templated":true}]}}